{"id":44979,"date":"2024-01-24T18:31:58","date_gmt":"2024-01-24T16:31:58","guid":{"rendered":"https:\/\/sea-watch.org\/?page_id=44979"},"modified":"2024-01-24T18:32:04","modified_gmt":"2024-01-24T16:32:04","slug":"half-marathon-berlin-2024-2","status":"publish","type":"page","link":"https:\/\/sea-watch.org\/en\/join-us\/half-marathon-berlin-2024-2\/","title":{"rendered":"Half Marathon Berlin 2024"},"content":{"rendered":"<div class=\"wpb-content-wrapper\"><div class=\"vc_row wpb_row vc_row-fluid dt-default\" style=\"margin-top: 0px;margin-bottom: 0px\"><div class=\"wpb_column vc_column_container vc_col-sm-6\"><div class=\"vc_column-inner\"><div class=\"wpb_wrapper\">\n\t<div  class=\"wpb_single_image wpb_content_element vc_align_left\">\n\t\t\n\t\t<figure class=\"wpb_wrapper vc_figure\">\n\t\t\t<div class=\"vc_single_image-wrapper   vc_box_border_grey\"><img loading=\"lazy\" decoding=\"async\" width=\"1024\" height=\"680\" src=\"https:\/\/sea-watch.org\/wp-content\/uploads\/2022\/01\/HM2021-1024x680.jpg\" class=\"vc_single_image-img attachment-large\" alt=\"\" title=\"HM2021\" srcset=\"https:\/\/sea-watch.org\/wp-content\/uploads\/2022\/01\/HM2021-1024x680.jpg 1024w, https:\/\/sea-watch.org\/wp-content\/uploads\/2022\/01\/HM2021-300x199.jpg 300w, https:\/\/sea-watch.org\/wp-content\/uploads\/2022\/01\/HM2021-768x510.jpg 768w, https:\/\/sea-watch.org\/wp-content\/uploads\/2022\/01\/HM2021-1536x1021.jpg 1536w, https:\/\/sea-watch.org\/wp-content\/uploads\/2022\/01\/HM2021-scaled.jpg 2048w\" sizes=\"auto, (max-width: 1024px) 100vw, 1024px\"  data-dt-location=\"https:\/\/sea-watch.org\/en\/join-us\/half-marathon-cologne-2025\/hm2021-2\/\" \/><\/div>\n\t\t<\/figure>\n\t<\/div>\n<\/div><\/div><\/div><div class=\"wpb_column vc_column_container vc_col-sm-6\"><div class=\"vc_column-inner\"><div class=\"wpb_wrapper\">\n\t<div class=\"wpb_text_column wpb_content_element  vc_custom_1705417603038\" >\n\t\t<div class=\"wpb_wrapper\">\n\t\t\t<h2>Halbmarathon in Berlin 2024<\/h2>\n<p>Am 7. April 2024 geht Sea-Watch bereits zum 4. Mal mit einem Laufteam beim <a href=\"https:\/\/www.generali-berliner-halbmarathon.de\/\">Berliner Generali Halbmarathon<\/a> an den Start. Gemeinsam setzen wir ein Zeichen f\u00fcr Solidarit\u00e4t mit Menschen auf der Flucht und gegen das Sterben auf dem Mittelmeer.<\/p>\n<p><strong>Leider haben wir keine Startpl\u00e4tze mehr! <\/strong>Solltet Ihr noch keine Best\u00e4tigung f\u00fcr einen Startplatz von uns erhalten haben, k\u00f6nnen wir Euch leider nicht mehr in die L\u00e4ufer:innenliste aufnehmen.<\/p>\n\n\t\t<\/div>\n\t<\/div>\n<\/div><\/div><\/div><\/div><div id=\"spendenaktionen\" data-anchor=\"#spendenaktionen\" class=\"vc_row wpb_row vc_row-fluid dt-default\" style=\"margin-top: 30px;margin-bottom: 30px\"><div class=\"wpb_column vc_column_container vc_col-sm-12\"><div class=\"vc_column-inner\"><div class=\"wpb_wrapper\"><div class=\"vc_btn3-container vc_btn3-inline\" ><a class=\"vc_general vc_btn3 vc_btn3-size-md vc_btn3-shape-square vc_btn3-style-modern vc_btn3-icon-left vc_btn3-color-primary\" href=\"https:\/\/sea-watch.org\/en\/join-us\/half-marathon-berlin-2024\/?cfs=e\" title=\"\"><i class=\"vc_btn3-icon fas fa-plus-circle\"><\/i> Neue Aktion starten<\/a><\/div><\/div><\/div><\/div><div class=\"wpb_column vc_column_container vc_col-sm-12\"><div class=\"vc_column-inner\"><div class=\"wpb_wrapper\">\n\t<div class=\"wpb_raw_code wpb_raw_html wpb_content_element\" >\n\t\t<div class=\"wpb_wrapper\">\n\t\t\t<!-- Begin FundraisingBox -->\n<script type='text\/javascript' src='https:\/\/secure.fundraisingbox.com\/app\/widgetJS?cfh=jsxg38fv'><\/script>\n<noscript>Bitte Javascript aktivieren<\/noscript>\n<a target='_blank' href='https:\/\/www.fundraisingbox.com'rel=\"noopener noreferrer\"><img border='0' style='border:0!important' src='https:\/\/secure.fundraisingbox.com\/images\/FundraisingBox-Logo-Widget.png' alt='FundraisingBox Logo' \/><\/a>\n<!-- End FundraisingBox -->\n\t\t<\/div>\n\t<\/div>\n<div class=\"gap\" style=\"line-height: 10px; height: 10px;\"><\/div><\/div><\/div><\/div><\/div><div id=\"teilnahmebedingungen\" data-anchor=\"#teilnahmebedingungen\" class=\"vc_row wpb_row vc_row-fluid dt-default\" style=\"margin-top: 0px;margin-bottom: 0px\"><div class=\"wpb_column vc_column_container vc_col-sm-6\"><div class=\"vc_column-inner\"><div class=\"wpb_wrapper\">\n\t<div class=\"wpb_text_column wpb_content_element \" >\n\t\t<div class=\"wpb_wrapper\">\n\t\t\t<h2>Run for Rescue &#8211; sei mit dabei:<\/h2>\n<ul>\n<li><strong>Deine Online-Spendenaktion:<\/strong> Als Teil unseres Laufteams sammelst Du mindestens 300 \u20ac an Spenden f\u00fcr die zivile Seenotrettung. Gestalte Deine Kampagnenseite mit einer kurzen Beschreibung und einem Foto, um Familie, Freund:innen und Kolleg:innen zu ermutigen, Deinen Lauf mit einer Spende zu unterst\u00fctzen.<\/li>\n<li><strong>Du bist schon direkt \u00fcber die Veranstaltung angemeldet?<\/strong> Mach\u2019 aus Deinem Lauf einen Spendenlauf. Schreibe uns auf <a href=\"mailto:halbmarathon@sea-watch.org\">halbmarathon@sea-watch.org<\/a>.<\/li>\n<\/ul>\n<p>Ein Halbmarathon ist Dir zu lang, oder Du willst bereits jetzt an den Start gehen? Dann starte eine Spendenaktion \u2013 wo und wann Du willst \u2013 und unterst\u00fctze die zivile Seenotrettung. Weitere <strong>Informationen zu <a href=\"https:\/\/sea-watch.org\/spenden\/aktion\/\">Online Spendenaktionen findest Du hier.<\/a><\/strong><\/p>\n\n\t\t<\/div>\n\t<\/div>\n<\/div><\/div><\/div><div class=\"wpb_column vc_column_container vc_col-sm-6 vc_hidden-xs\"><div class=\"vc_column-inner\"><div class=\"wpb_wrapper\">\n\t<div  class=\"wpb_single_image wpb_content_element vc_align_left\">\n\t\t\n\t\t<figure class=\"wpb_wrapper vc_figure\">\n\t\t\t<div class=\"vc_single_image-wrapper   vc_box_border_grey\"><img loading=\"lazy\" decoding=\"async\" width=\"1024\" height=\"683\" src=\"https:\/\/sea-watch.org\/wp-content\/uploads\/2020\/07\/DSC00390-1024x683.jpg\" class=\"vc_single_image-img attachment-large\" alt=\"\" title=\"DSC00390\" srcset=\"https:\/\/sea-watch.org\/wp-content\/uploads\/2020\/07\/DSC00390-1024x683.jpg 1024w, https:\/\/sea-watch.org\/wp-content\/uploads\/2020\/07\/DSC00390-300x200.jpg 300w, https:\/\/sea-watch.org\/wp-content\/uploads\/2020\/07\/DSC00390-768x512.jpg 768w, https:\/\/sea-watch.org\/wp-content\/uploads\/2020\/07\/DSC00390-1536x1024.jpg 1536w, https:\/\/sea-watch.org\/wp-content\/uploads\/2020\/07\/DSC00390.jpg 1920w\" sizes=\"auto, (max-width: 1024px) 100vw, 1024px\"  data-dt-location=\"https:\/\/sea-watch.org\/en\/donate\/fundraise\/dsc00390-2\/\" \/><\/div>\n\t\t<\/figure>\n\t<\/div>\n<\/div><\/div><\/div><\/div><div class=\"vc_row wpb_row vc_row-fluid dt-default\" style=\"margin-top: 0px;margin-bottom: 0px\"><div class=\"wpb_column vc_column_container vc_col-sm-12\"><div class=\"vc_column-inner\"><div class=\"wpb_wrapper\"><div class=\"vc_btn3-container vc_btn3-center\" ><a class=\"vc_general vc_btn3 vc_btn3-size-md vc_btn3-shape-square vc_btn3-style-modern vc_btn3-icon-left vc_btn3-color-primary anchor-link\" href=\"#!\/spendenaktionen\" title=\"Spendenaktion f\u00fcr Seenotrettung\"><i class=\"vc_btn3-icon fas fa-arrow-up\"><\/i> Zu den Spendenaktionen!<\/a><\/div><\/div><\/div><\/div><\/div>\n<\/div>","protected":false},"excerpt":{"rendered":"<p>Halbmarathon in Berlin 2024 Am 7. April 2024 geht Sea-Watch bereits zum 4. Mal mit einem Laufteam beim Berliner Generali Halbmarathon an den Start. Gemeinsam setzen wir ein Zeichen f\u00fcr Solidarit\u00e4t mit Menschen auf der Flucht und gegen das Sterben auf dem Mittelmeer. Leider haben wir keine Startpl\u00e4tze mehr! Solltet Ihr noch keine Best\u00e4tigung f\u00fcr&hellip;<\/p>\n","protected":false},"author":74,"featured_media":0,"parent":189,"menu_order":0,"comment_status":"closed","ping_status":"closed","template":"","meta":{"inline_featured_image":false,"footnotes":""},"class_list":["post-44979","page","type-page","status-publish","hentry","description-off"],"yoast_head":"<!-- This site is optimized with the Yoast SEO plugin v27.3 - https:\/\/yoast.com\/product\/yoast-seo-wordpress\/ -->\n<title>Half Marathon Berlin 2024 &#8226; Sea-Watch e.V.<\/title>\n<meta name=\"robots\" content=\"noindex, nofollow\" \/>\n<meta property=\"og:locale\" content=\"en_US\" \/>\n<meta property=\"og:type\" content=\"article\" \/>\n<meta property=\"og:title\" content=\"Half Marathon Berlin 2024 &#8226; Sea-Watch e.V.\" \/>\n<meta property=\"og:description\" content=\"[vc_row][vc_column width=&#8221;1\/2&#8243;][vc_single_image image=&#8221;35199&#8243; img_size=&#8221;large&#8221;][\/vc_column][vc_column width=&#8221;1\/2&#8243;][vc_column_text css=&#8221;.vc_custom_1705417603038{margin-bottom: 8px !important;}&#8221;] Halbmarathon in Berlin 2024 Am 7. April 2024 geht Sea-Watch bereits zum 4. Mal mit einem Laufteam beim Berliner Generali Halbmarathon an den Start. Gemeinsam setzen wir ein Zeichen f\u00fcr Solidarit\u00e4t mit Menschen auf der Flucht und gegen das Sterben auf dem Mittelmeer. Leider haben wir keine&hellip;\" \/>\n<meta property=\"og:url\" content=\"https:\/\/sea-watch.org\/en\/join-us\/half-marathon-berlin-2024-2\/\" \/>\n<meta property=\"og:site_name\" content=\"Sea-Watch e.V.\" \/>\n<meta property=\"article:publisher\" content=\"https:\/\/www.facebook.com\/seawatchprojekt\" \/>\n<meta property=\"article:modified_time\" content=\"2024-01-24T16:32:04+00:00\" \/>\n<meta name=\"twitter:card\" content=\"summary_large_image\" \/>\n<meta name=\"twitter:site\" content=\"@seawatchcrew\" \/>\n<meta name=\"twitter:label1\" content=\"Est. reading time\" \/>\n\t<meta name=\"twitter:data1\" content=\"2 minutes\" \/>\n<script type=\"application\/ld+json\" class=\"yoast-schema-graph\">{\"@context\":\"https:\\\/\\\/schema.org\",\"@graph\":[{\"@type\":\"WebPage\",\"@id\":\"https:\\\/\\\/sea-watch.org\\\/en\\\/join-us\\\/half-marathon-berlin-2024-2\\\/\",\"url\":\"https:\\\/\\\/sea-watch.org\\\/en\\\/join-us\\\/half-marathon-berlin-2024-2\\\/\",\"name\":\"Half Marathon Berlin 2024 &#8226; Sea-Watch e.V.\",\"isPartOf\":{\"@id\":\"https:\\\/\\\/sea-watch.org\\\/en\\\/#website\"},\"datePublished\":\"2024-01-24T16:31:58+00:00\",\"dateModified\":\"2024-01-24T16:32:04+00:00\",\"breadcrumb\":{\"@id\":\"https:\\\/\\\/sea-watch.org\\\/en\\\/join-us\\\/half-marathon-berlin-2024-2\\\/#breadcrumb\"},\"inLanguage\":\"en-US\",\"potentialAction\":[{\"@type\":\"ReadAction\",\"target\":[\"https:\\\/\\\/sea-watch.org\\\/en\\\/join-us\\\/half-marathon-berlin-2024-2\\\/\"]}]},{\"@type\":\"BreadcrumbList\",\"@id\":\"https:\\\/\\\/sea-watch.org\\\/en\\\/join-us\\\/half-marathon-berlin-2024-2\\\/#breadcrumb\",\"itemListElement\":[{\"@type\":\"ListItem\",\"position\":1,\"name\":\"Startseite\",\"item\":\"https:\\\/\\\/sea-watch.org\\\/en\\\/\"},{\"@type\":\"ListItem\",\"position\":2,\"name\":\"Join Us\",\"item\":\"https:\\\/\\\/sea-watch.org\\\/en\\\/join-us\\\/\"},{\"@type\":\"ListItem\",\"position\":3,\"name\":\"Half Marathon Berlin 2024\"}]},{\"@type\":\"WebSite\",\"@id\":\"https:\\\/\\\/sea-watch.org\\\/en\\\/#website\",\"url\":\"https:\\\/\\\/sea-watch.org\\\/en\\\/\",\"name\":\"Sea-Watch e.V.\",\"description\":\"Zivile Seenotrettung von Fl\u00fcchtenden an Europas Grenzen\",\"publisher\":{\"@id\":\"https:\\\/\\\/sea-watch.org\\\/en\\\/#organization\"},\"potentialAction\":[{\"@type\":\"SearchAction\",\"target\":{\"@type\":\"EntryPoint\",\"urlTemplate\":\"https:\\\/\\\/sea-watch.org\\\/en\\\/?s={search_term_string}\"},\"query-input\":{\"@type\":\"PropertyValueSpecification\",\"valueRequired\":true,\"valueName\":\"search_term_string\"}}],\"inLanguage\":\"en-US\"},{\"@type\":\"Organization\",\"@id\":\"https:\\\/\\\/sea-watch.org\\\/en\\\/#organization\",\"name\":\"Sea-Watch e.V.\",\"url\":\"https:\\\/\\\/sea-watch.org\\\/en\\\/\",\"logo\":{\"@type\":\"ImageObject\",\"inLanguage\":\"en-US\",\"@id\":\"https:\\\/\\\/sea-watch.org\\\/en\\\/#\\\/schema\\\/logo\\\/image\\\/\",\"url\":\"https:\\\/\\\/sea-watch.org\\\/wp-content\\\/uploads\\\/2017\\\/05\\\/sea-watch_logo_1024.png\",\"contentUrl\":\"https:\\\/\\\/sea-watch.org\\\/wp-content\\\/uploads\\\/2017\\\/05\\\/sea-watch_logo_1024.png\",\"width\":1024,\"height\":1024,\"caption\":\"Sea-Watch e.V.\"},\"image\":{\"@id\":\"https:\\\/\\\/sea-watch.org\\\/en\\\/#\\\/schema\\\/logo\\\/image\\\/\"},\"sameAs\":[\"https:\\\/\\\/www.facebook.com\\\/seawatchprojekt\",\"https:\\\/\\\/x.com\\\/seawatchcrew\",\"https:\\\/\\\/www.youtube.com\\\/seawatchinternational\"]}]}<\/script>\n<!-- \/ Yoast SEO plugin. -->","yoast_head_json":{"title":"Half Marathon Berlin 2024 &#8226; Sea-Watch e.V.","robots":{"index":"noindex","follow":"nofollow"},"og_locale":"en_US","og_type":"article","og_title":"Half Marathon Berlin 2024 &#8226; Sea-Watch e.V.","og_description":"[vc_row][vc_column width=&#8221;1\/2&#8243;][vc_single_image image=&#8221;35199&#8243; img_size=&#8221;large&#8221;][\/vc_column][vc_column width=&#8221;1\/2&#8243;][vc_column_text css=&#8221;.vc_custom_1705417603038{margin-bottom: 8px !important;}&#8221;] Halbmarathon in Berlin 2024 Am 7. April 2024 geht Sea-Watch bereits zum 4. Mal mit einem Laufteam beim Berliner Generali Halbmarathon an den Start. Gemeinsam setzen wir ein Zeichen f\u00fcr Solidarit\u00e4t mit Menschen auf der Flucht und gegen das Sterben auf dem Mittelmeer. Leider haben wir keine&hellip;","og_url":"https:\/\/sea-watch.org\/en\/join-us\/half-marathon-berlin-2024-2\/","og_site_name":"Sea-Watch e.V.","article_publisher":"https:\/\/www.facebook.com\/seawatchprojekt","article_modified_time":"2024-01-24T16:32:04+00:00","twitter_card":"summary_large_image","twitter_site":"@seawatchcrew","twitter_misc":{"Est. reading time":"2 minutes"},"schema":{"@context":"https:\/\/schema.org","@graph":[{"@type":"WebPage","@id":"https:\/\/sea-watch.org\/en\/join-us\/half-marathon-berlin-2024-2\/","url":"https:\/\/sea-watch.org\/en\/join-us\/half-marathon-berlin-2024-2\/","name":"Half Marathon Berlin 2024 &#8226; Sea-Watch e.V.","isPartOf":{"@id":"https:\/\/sea-watch.org\/en\/#website"},"datePublished":"2024-01-24T16:31:58+00:00","dateModified":"2024-01-24T16:32:04+00:00","breadcrumb":{"@id":"https:\/\/sea-watch.org\/en\/join-us\/half-marathon-berlin-2024-2\/#breadcrumb"},"inLanguage":"en-US","potentialAction":[{"@type":"ReadAction","target":["https:\/\/sea-watch.org\/en\/join-us\/half-marathon-berlin-2024-2\/"]}]},{"@type":"BreadcrumbList","@id":"https:\/\/sea-watch.org\/en\/join-us\/half-marathon-berlin-2024-2\/#breadcrumb","itemListElement":[{"@type":"ListItem","position":1,"name":"Startseite","item":"https:\/\/sea-watch.org\/en\/"},{"@type":"ListItem","position":2,"name":"Join Us","item":"https:\/\/sea-watch.org\/en\/join-us\/"},{"@type":"ListItem","position":3,"name":"Half Marathon Berlin 2024"}]},{"@type":"WebSite","@id":"https:\/\/sea-watch.org\/en\/#website","url":"https:\/\/sea-watch.org\/en\/","name":"Sea-Watch e.V.","description":"Zivile Seenotrettung von Fl\u00fcchtenden an Europas Grenzen","publisher":{"@id":"https:\/\/sea-watch.org\/en\/#organization"},"potentialAction":[{"@type":"SearchAction","target":{"@type":"EntryPoint","urlTemplate":"https:\/\/sea-watch.org\/en\/?s={search_term_string}"},"query-input":{"@type":"PropertyValueSpecification","valueRequired":true,"valueName":"search_term_string"}}],"inLanguage":"en-US"},{"@type":"Organization","@id":"https:\/\/sea-watch.org\/en\/#organization","name":"Sea-Watch e.V.","url":"https:\/\/sea-watch.org\/en\/","logo":{"@type":"ImageObject","inLanguage":"en-US","@id":"https:\/\/sea-watch.org\/en\/#\/schema\/logo\/image\/","url":"https:\/\/sea-watch.org\/wp-content\/uploads\/2017\/05\/sea-watch_logo_1024.png","contentUrl":"https:\/\/sea-watch.org\/wp-content\/uploads\/2017\/05\/sea-watch_logo_1024.png","width":1024,"height":1024,"caption":"Sea-Watch e.V."},"image":{"@id":"https:\/\/sea-watch.org\/en\/#\/schema\/logo\/image\/"},"sameAs":["https:\/\/www.facebook.com\/seawatchprojekt","https:\/\/x.com\/seawatchcrew","https:\/\/www.youtube.com\/seawatchinternational"]}]}},"wpml_current_locale":"en_US","wpml_translations":[],"_links":{"self":[{"href":"https:\/\/sea-watch.org\/en\/wp-json\/wp\/v2\/pages\/44979","targetHints":{"allow":["GET"]}}],"collection":[{"href":"https:\/\/sea-watch.org\/en\/wp-json\/wp\/v2\/pages"}],"about":[{"href":"https:\/\/sea-watch.org\/en\/wp-json\/wp\/v2\/types\/page"}],"author":[{"embeddable":true,"href":"https:\/\/sea-watch.org\/en\/wp-json\/wp\/v2\/users\/74"}],"replies":[{"embeddable":true,"href":"https:\/\/sea-watch.org\/en\/wp-json\/wp\/v2\/comments?post=44979"}],"version-history":[{"count":3,"href":"https:\/\/sea-watch.org\/en\/wp-json\/wp\/v2\/pages\/44979\/revisions"}],"predecessor-version":[{"id":44982,"href":"https:\/\/sea-watch.org\/en\/wp-json\/wp\/v2\/pages\/44979\/revisions\/44982"}],"up":[{"embeddable":true,"href":"https:\/\/sea-watch.org\/en\/wp-json\/wp\/v2\/pages\/189"}],"wp:attachment":[{"href":"https:\/\/sea-watch.org\/en\/wp-json\/wp\/v2\/media?parent=44979"}],"curies":[{"name":"wp","href":"https:\/\/api.w.org\/{rel}","templated":true}]}}